{"id":74,"date":"2023-08-02T19:23:07","date_gmt":"2023-08-02T19:23:07","guid":{"rendered":"https:\/\/brisbanepolishschool.org.au\/?page_id=74"},"modified":"2024-06-17T07:18:28","modified_gmt":"2024-06-17T07:18:28","slug":"learn-adults","status":"publish","type":"page","link":"https:\/\/brisbanepolishschool.org.au\/pl_pl\/learn-adults\/","title":{"rendered":"Szko\u0142a Dla Doros\u0142ych"},"content":{"rendered":"<div class=\"wp-block-group alignfull nfd-my-0 has-black-color has-white-background-color has-text-color has-background is-layout-flow wp-container-core-group-is-layout-d6743c7d wp-block-group-is-layout-flow\">\n<div class=\"wp-block-group alignfull nfd-container nfd-p-lg nfd-text-base has-black-color has-text-color has-link-color wp-elements-aaeb03815a9e9264b109b9b54ee6b178 is-layout-flow wp-block-group-is-layout-flow\">\n<div class=\"wp-block-columns are-vertically-aligned-center is-layout-flex wp-container-core-columns-is-layout-f529f824 wp-block-columns-is-layout-flex\">\n<div class=\"wp-block-column is-vertically-aligned-center is-layout-flow wp-container-core-column-is-layout-c6626a78 wp-block-column-is-layout-flow\" style=\"flex-basis:50%\">\n<div class=\"wp-block-group is-layout-constrained wp-container-core-group-is-layout-6141fbbf wp-block-group-is-layout-constrained\">\n<h1 class=\"wp-block-heading has-text-align-left nfd-text-huge nfd-text-primary md:nfd-no-br has-vivid-red-color has-text-color\" style=\"font-size:clamp(29.768px, 1.861rem + ((1vw - 3.2px) * 1.737), 52px);\">Szko\u0142a Dla Doros\u0142ych<\/h1>\n\n\n\n<p>Polska Szko\u0142a w Brisbane oferuje kursy j\u0119zyka polskiego dla doros\u0142ych online. Program jest zgodny z europejskim systemem opisu kszta\u0142cenia j\u0119zykowego, mi\u0119dzynarodowym standardem opisuj\u0105cym umiej\u0119tno\u015bci j\u0119zykowe. \nOferujemy nast\u0119puj\u0105ce poziomy:<\/p>\n\n\n\n<p>A1 Pocz\u0105tkuj\u0105cy<br>A2 Elementarny<br>B1 \u015arednio Zaawansowany<br>B2 Wy\u017cszy \u015aredniozaawansowany<br>C1 Zaawansowany<br>C2 Bieg\u0142y<\/p>\n<\/div>\n\n\n\n<div class=\"wp-block-columns nfd-text-base is-layout-flex wp-container-core-columns-is-layout-28f84493 wp-block-columns-is-layout-flex\">\n<div class=\"wp-block-column is-layout-flow wp-block-column-is-layout-flow\"><\/div>\n\n\n\n<div class=\"wp-block-column is-layout-flow wp-block-column-is-layout-flow\"><\/div>\n<\/div>\n<\/div>\n\n\n\n<div class=\"wp-block-column is-vertically-aligned-center is-layout-flow wp-block-column-is-layout-flow\">\n<div class=\"wp-block-group nfd-overflow-hidden is-layout-constrained wp-block-group-is-layout-constrained\" style=\"border-radius:6px\">\n<div class=\"wp-block-cover is-light has-custom-content-position is-position-bottom-right nfd-bg-accent\" style=\"padding-top:0px;padding-right:24px;padding-bottom:0px;padding-left:24px;min-height:500px;aspect-ratio:unset;\"><span aria-hidden=\"true\" class=\"wp-block-cover__background has-background-dim-10 has-background-dim wp-block-cover__gradient-background has-background-gradient\" style=\"background-color:#aca29d;background:linear-gradient(0deg,rgb(255,255,255) 7%,rgba(255,255,255,0) 7%)\"><\/span><img loading=\"lazy\" decoding=\"async\" width=\"800\" height=\"532\" class=\"wp-block-cover__image-background wp-image-407\" alt=\"\" src=\"https:\/\/brisbanepolishschool.org.au\/wp-content\/uploads\/2024\/06\/brisbanepolishschool_adults.jpg\" style=\"object-position:48% 48%\" data-object-fit=\"cover\" data-object-position=\"48% 48%\" srcset=\"https:\/\/brisbanepolishschool.org.au\/wp-content\/uploads\/2024\/06\/brisbanepolishschool_adults.jpg 800w, https:\/\/brisbanepolishschool.org.au\/wp-content\/uploads\/2024\/06\/brisbanepolishschool_adults-300x200.jpg 300w, https:\/\/brisbanepolishschool.org.au\/wp-content\/uploads\/2024\/06\/brisbanepolishschool_adults-768x511.jpg 768w, https:\/\/brisbanepolishschool.org.au\/wp-content\/uploads\/2024\/06\/brisbanepolishschool_adults-18x12.jpg 18w\" sizes=\"auto, (max-width: 800px) 100vw, 800px\" \/><div class=\"wp-block-cover__inner-container is-layout-flow wp-block-cover-is-layout-flow\">\n<p class=\"has-text-align-center has-large-font-size\"><\/p>\n<\/div><\/div>\n<\/div>\n<\/div>\n<\/div>\n<\/div>\n<\/div>\n\n\n\n<div class=\"wp-block-group alignfull nfd-my-0 nfd-px-md nfd-py-stack nfd-container has-palette-color-7-background-color has-background is-layout-flow wp-block-group-is-layout-flow\">\n<div class=\"wp-block-columns is-layout-flex wp-container-core-columns-is-layout-28f84493 wp-block-columns-is-layout-flex\">\n<div class=\"wp-block-column is-layout-flow wp-container-core-column-is-layout-1a0eff7f wp-block-column-is-layout-flow\">\n<p><\/p>\n\n\n\n<p class=\"nfd-text-xl nfd-text-primary\" style=\"font-style:normal;font-weight:300;letter-spacing:2px\">A1 Pocz\u0105tkuj\u0105cy<\/p>\n\n\n\n<ul class=\"wp-block-list\" style=\"margin-top:var(--wp--preset--spacing--50);margin-right:var(--wp--preset--spacing--50);margin-bottom:var(--wp--preset--spacing--50);margin-left:var(--wp--preset--spacing--50)\">\n<li>Rozumie i u\u017cywa znanych mu codziennych wyra\u017ce\u0144 oraz bardzo podstawowych zwrot\u00f3w;<\/li>\n\n\n\n<li>Potrafi przedstawia\u0107 siebie i inne osoby oraz zadawa\u0107 pytania dotycz\u0105ce danych osobowych i odpowiada\u0107 na nie;<\/li>\n\n\n\n<li>Potrafi porozumiewa\u0107 si\u0119 w prosty spos\u00f3b, pod warunkiem, \u017ce druga osoba m\u00f3wi wyra\u017anie.<\/li>\n<\/ul>\n<\/div>\n\n\n\n<div class=\"wp-block-column is-layout-flow wp-container-core-column-is-layout-1a0eff7f wp-block-column-is-layout-flow\">\n<p><\/p>\n\n\n\n<p class=\"nfd-text-xl nfd-text-primary\" style=\"font-style:normal;font-weight:300;letter-spacing:2px\">A2 Elementarny<\/p>\n\n\n\n<ul class=\"wp-block-list\" style=\"margin-top:var(--wp--preset--spacing--50);margin-right:var(--wp--preset--spacing--50);margin-bottom:var(--wp--preset--spacing--50);margin-left:var(--wp--preset--spacing--50)\">\n<li>Rozumie zdania i cz\u0119sto u\u017cywane zwroty;<\/li>\n\n\n\n<li>Potrafi przekaza\u0107 rutynowe zadania wymagaj\u0105ce prostej i bezpo\u015bredniej wymiany informacji;<\/li>\n\n\n\n<li>Potrafi w prosty spos\u00f3b opisa\u0107 aspekty swojego pochodzenia, najbli\u017cszego otoczenia i spraw w obszarach wymagaj\u0105cych natychmiastowej pomocy.<\/li>\n<\/ul>\n<\/div>\n<\/div>\n<\/div>\n\n\n\n<div class=\"wp-block-group alignfull nfd-my-0 nfd-px-md nfd-py-stack nfd-container has-palette-color-5-background-color has-background is-layout-flow wp-block-group-is-layout-flow\">\n<div class=\"wp-block-columns is-layout-flex wp-container-core-columns-is-layout-28f84493 wp-block-columns-is-layout-flex\">\n<div class=\"wp-block-column is-layout-flow wp-container-core-column-is-layout-1a0eff7f wp-block-column-is-layout-flow\">\n<p><\/p>\n\n\n\n<p class=\"nfd-text-xl nfd-text-primary\" style=\"font-style:normal;font-weight:300;letter-spacing:2px\">B1 \u015arednio Zaawansowany<\/p>\n\n\n\n<ul class=\"wp-block-list\" style=\"margin-top:var(--wp--preset--spacing--50);margin-right:var(--wp--preset--spacing--50);margin-bottom:var(--wp--preset--spacing--50);margin-left:var(--wp--preset--spacing--50)\">\n<li>Rozumie prosto komunikowane rozmowy w pracy, w szkole i w wolnym czasie;&nbsp;<\/li>\n\n\n\n<li>Potrafi radzi\u0107 sobie w wi\u0119kszo\u015bci sytuacji, kt\u00f3re mog\u0105 si\u0119 zdarzy\u0107 podczas podr\u00f3\u017cy;&nbsp;<\/li>\n\n\n\n<li>Potrafi tworzy\u0107 sp\u00f3jne teksty na znane mu tematy;<\/li>\n\n\n\n<li>Potrafi opisywa\u0107 do\u015bwiadczenia i zdarzenia oraz marzenia, nadzieje i ambicje;<\/li>\n\n\n\n<li>Potrafi zwi\u0119\u017ale uzasadni\u0107 swoje opinie i plany.&nbsp;<\/li>\n<\/ul>\n<\/div>\n\n\n\n<div class=\"wp-block-column is-layout-flow wp-container-core-column-is-layout-1a0eff7f wp-block-column-is-layout-flow\">\n<p><\/p>\n\n\n\n<p class=\"nfd-text-xl nfd-text-primary\" style=\"font-style:normal;font-weight:300;letter-spacing:2px\">B2 Wy\u017cszy \u015aredniozaawansowany<\/p>\n\n\n\n<ul class=\"wp-block-list\" style=\"margin-top:var(--wp--preset--spacing--50);margin-right:var(--wp--preset--spacing--50);margin-bottom:var(--wp--preset--spacing--50);margin-left:var(--wp--preset--spacing--50)\">\n<li>Rozumie g\u0142\u00f3wne idee tekstu na tematy konkretne i abstrakcyjne;<\/li>\n\n\n\n<li>Potrafi wchodzi\u0107 w rozmowy ze stopniem p\u0142ynno\u015bci i spontaniczno\u015bci;<\/li>\n\n\n\n<li>Potrafi tworzy\u0107 szczeg\u00f3\u0142owe teksty na szeroki zakres temat\u00f3w i wyja\u015bnia\u0107 sw\u00f3j punkt widzenia.<\/li>\n<\/ul>\n<\/div>\n<\/div>\n<\/div>\n\n\n\n<div class=\"wp-block-group alignfull nfd-my-0 nfd-px-md nfd-py-stack nfd-container has-palette-color-7-background-color has-background is-layout-flow wp-block-group-is-layout-flow\">\n<div class=\"wp-block-columns is-layout-flex wp-container-core-columns-is-layout-28f84493 wp-block-columns-is-layout-flex\">\n<div class=\"wp-block-column is-layout-flow wp-container-core-column-is-layout-1a0eff7f wp-block-column-is-layout-flow\">\n<p><\/p>\n\n\n\n<p class=\"nfd-text-xl nfd-text-primary\" style=\"font-style:normal;font-weight:300;letter-spacing:2px\">C1 Zaawansowany<\/p>\n\n\n\n<ul class=\"wp-block-list\" style=\"margin-top:var(--wp--preset--spacing--50);margin-right:var(--wp--preset--spacing--50);margin-bottom:var(--wp--preset--spacing--50);margin-left:var(--wp--preset--spacing--50)\">\n<li>Rozumie szeroki zakres wymagaj\u0105cych, d\u0142u\u017cszych tekst\u00f3w i rozpoznaje ukryte znaczenia;<\/li>\n\n\n\n<li>Potrafi wypowiada\u0107 si\u0119 p\u0142ynnie i spontanicznie bez zbytniego zastanawiania si\u0119;<\/li>\n\n\n\n<li>Potrafi efektywnie pos\u0142ugiwa\u0107 si\u0119 j\u0119zykiem w celach spo\u0142ecznych, akademickich i zawodowych;<\/li>\n\n\n\n<li>Potrafi tworzy\u0107 jasne, dobrze ustrukturyzowane, szczeg\u00f3\u0142owe teksty na z\u0142o\u017cone tematy.<\/li>\n<\/ul>\n<\/div>\n\n\n\n<div class=\"wp-block-column is-layout-flow wp-container-core-column-is-layout-1a0eff7f wp-block-column-is-layout-flow\">\n<p><\/p>\n\n\n\n<p class=\"nfd-text-xl nfd-text-primary\" style=\"font-style:normal;font-weight:300;letter-spacing:2px\">C2 Bieg\u0142y<\/p>\n\n\n\n<ul class=\"wp-block-list\" style=\"margin-top:var(--wp--preset--spacing--50);margin-right:var(--wp--preset--spacing--50);margin-bottom:var(--wp--preset--spacing--50);margin-left:var(--wp--preset--spacing--50)\">\n<li>Rozumie z \u0142atwo\u015bci\u0105 praktycznie wszystko, co us\u0142yszy lub przeczyta;<\/li>\n\n\n\n<li>Potrafi podsumowa\u0107 informacje z r\u00f3\u017cnych \u017ar\u00f3de\u0142 m\u00f3wionych i pisanych;<\/li>\n\n\n\n<li>Potrafi wypowiada\u0107 si\u0119 p\u0142ynnie i precyzyjnie, rozr\u00f3\u017cniaj\u0105c subtelniejsze odcienie znaczeniowe nawet w bardziej z\u0142o\u017conych sytuacjach.<\/li>\n<\/ul>\n<\/div>\n<\/div>\n<\/div>\n\n\n\n<div class=\"wp-block-group alignfull nfd-my-0 nfd-px-md nfd-p-lg nfd-container nfd-bg-gray-100 has-black-color has-text-color has-background is-layout-flow wp-container-core-group-is-layout-330ce275 wp-block-group-is-layout-flow\" style=\"background-color:#d9000012\">\n<div class=\"wp-block-group nfd-my-0 nfd-container is-layout-flow wp-container-core-group-is-layout-05898ac8 wp-block-group-is-layout-flow\">\n<div class=\"wp-block-group is-layout-constrained wp-container-core-group-is-layout-d0596775 wp-block-group-is-layout-constrained\" style=\"padding-top:0;padding-right:0;padding-bottom:0;padding-left:0\">\n<h1 class=\"wp-block-heading has-text-align-center nfd-text-huge nfd-text-current md:nfd-no-br has-vivid-red-color has-text-color\" style=\"font-size:clamp(29.768px, 1.861rem + ((1vw - 3.2px) * 1.737), 52px);\">Kalendarz<\/h1>\n\n\n\n<p class=\"has-text-align-center\">Polska Szko\u0142a w Brisbane dostosowuje daty swoich zaj\u0119\u0107 zgodnie z kalendarzem szk\u00f3\u0142 stanowych w Queensland, kt\u00f3ry jest ustalany przez Departament Edukacji.<\/p>\n<\/div>\n<\/div>\n<\/div>\n\n\n\n<div class=\"wp-block-group alignfull nfd-my-0 nfd-p-lg nfd-container has-black-color has-white-background-color has-text-color has-background is-layout-flow wp-container-core-group-is-layout-f6422989 wp-block-group-is-layout-flow\">\n<div class=\"wp-block-group is-layout-flow wp-container-core-group-is-layout-51d533b2 wp-block-group-is-layout-flow\" style=\"padding-top:0;padding-right:0;padding-bottom:0;padding-left:0\">\n<h2 class=\"wp-block-heading has-text-align-center nfd-text-huge nfd-text-current md:nfd-no-br has-vivid-red-color has-text-color\" style=\"font-size:clamp(29.768px, 1.861rem + ((1vw - 3.2px) * 1.737), 52px);\">Op\u0142aty<\/h2>\n\n\n\n<div class=\"wp-block-group nfd-text-base nfd-text-opacity-80 is-layout-constrained wp-container-core-group-is-layout-70f4fdbb wp-block-group-is-layout-constrained\">\n<p class=\"has-text-align-center\">Nasza szko\u0142a jest instytucj\u0105 niedochodow\u0105, a pozyskiwane \u015brodki s\u0105 przeznaczane wy\u0142\u0105cznie na jej prowadzenie. Szko\u0142a jest finansowana z op\u0142at wniesionych przez uczni\u00f3w szko\u0142y dla doros\u0142ych.<\/p>\n<\/div>\n<\/div>\n\n\n\n<div class=\"wp-block-group alignfull nfd-px-md nfd-container is-layout-flow wp-block-group-is-layout-flow\">\n<div class=\"wp-block-columns are-vertically-aligned-bottom nfd-text-base is-layout-flex wp-container-core-columns-is-layout-d8d81b17 wp-block-columns-is-layout-flex\" style=\"padding-top:0;padding-right:0;padding-bottom:0;padding-left:0\">\n<div class=\"wp-block-column is-vertically-aligned-bottom is-layout-flow wp-block-column-is-layout-flow\">\n<div class=\"wp-block-group nfd-bg-gray-100 has-black-color has-text-color is-layout-constrained wp-container-core-group-is-layout-9576c8e1 wp-block-group-is-layout-constrained\" style=\"border-radius:6px;padding-top:40px;padding-right:40px;padding-bottom:40px;padding-left:40px\">\n<h3 class=\"wp-block-heading has-text-align-center nfd-text-lg nfd-text-current has-medium-font-size translation-block\">Czesne jest wp\u0142acane przed rozpocz\u0119ciem kursu na konto szko\u0142y<br>W roku szkolnym op\u0142ata wynosi:<\/h3>\n\n\n\n<div class=\"wp-block-group is-vertical is-content-justification-center is-nowrap is-layout-flex wp-container-core-group-is-layout-54965b42 wp-block-group-is-layout-flex\">\n<h2 class=\"wp-block-heading has-text-align-center nfd-my-0 nfd-text-xl nfd-text-current\">$310<\/h2>\n\n\n\n<p class=\"nfd-text-sm nfd-text-current nfd-text-opacity-80\">Za Studenta <\/p>\n<\/div>\n<\/div>\n<\/div>\n<\/div>\n<\/div>\n<\/div>\n\n\n\n<div class=\"wp-block-group alignfull nfd-my-0 nfd-px-md nfd-p-lg nfd-container nfd-bg-gray-100 has-black-color has-text-color has-background is-layout-flow wp-container-core-group-is-layout-330ce275 wp-block-group-is-layout-flow\" style=\"background-color:#d9000012\">\n<div class=\"wp-block-group nfd-my-0 nfd-container is-layout-flow wp-container-core-group-is-layout-05898ac8 wp-block-group-is-layout-flow\">\n<div class=\"wp-block-group is-layout-constrained wp-container-core-group-is-layout-d0596775 wp-block-group-is-layout-constrained\" style=\"padding-top:0;padding-right:0;padding-bottom:0;padding-left:0\">\n<h2 class=\"wp-block-heading has-text-align-center nfd-text-huge nfd-text-current md:nfd-no-br has-large-font-size\"><strong><strong>Aby si\u0119 zapisa\u0107, prosz\u0119 wys\u0142a\u0107 e-mail na:<\/strong><\/strong><\/h2>\n\n\n\n<p class=\"has-text-align-center\"><strong> <a href=\"mailto:admin@brisbanepolishschool.org.au\">admin@brisbanepolishschool.org.au<\/a><\/strong><\/p>\n<\/div>\n<\/div>\n<\/div>","protected":false},"excerpt":{"rendered":"<p>School for Adults Brisbane Polish School offers online Polish language courses for adults taught by native speakers. The programme follows The Common European Framework (CEFR), an international standard for describing [&hellip;]<\/p>\n","protected":false},"author":1,"featured_media":0,"parent":0,"menu_order":0,"comment_status":"closed","ping_status":"closed","template":"","meta":{"footnotes":""},"class_list":["post-74","page","type-page","status-publish","hentry"],"blocksy_meta":[],"_links":{"self":[{"href":"https:\/\/brisbanepolishschool.org.au\/pl_pl\/wp-json\/wp\/v2\/pages\/74","targetHints":{"allow":["GET"]}}],"collection":[{"href":"https:\/\/brisbanepolishschool.org.au\/pl_pl\/wp-json\/wp\/v2\/pages"}],"about":[{"href":"https:\/\/brisbanepolishschool.org.au\/pl_pl\/wp-json\/wp\/v2\/types\/page"}],"author":[{"embeddable":true,"href":"https:\/\/brisbanepolishschool.org.au\/pl_pl\/wp-json\/wp\/v2\/users\/1"}],"replies":[{"embeddable":true,"href":"https:\/\/brisbanepolishschool.org.au\/pl_pl\/wp-json\/wp\/v2\/comments?post=74"}],"version-history":[{"count":9,"href":"https:\/\/brisbanepolishschool.org.au\/pl_pl\/wp-json\/wp\/v2\/pages\/74\/revisions"}],"predecessor-version":[{"id":408,"href":"https:\/\/brisbanepolishschool.org.au\/pl_pl\/wp-json\/wp\/v2\/pages\/74\/revisions\/408"}],"wp:attachment":[{"href":"https:\/\/brisbanepolishschool.org.au\/pl_pl\/wp-json\/wp\/v2\/media?parent=74"}],"curies":[{"name":"wp","href":"https:\/\/api.w.org\/{rel}","templated":true}]}}