{"id":65,"date":"2023-08-02T17:47:17","date_gmt":"2023-08-02T17:47:17","guid":{"rendered":"https:\/\/brisbanepolishschool.org.au\/?page_id=65"},"modified":"2023-09-11T18:04:03","modified_gmt":"2023-09-11T18:04:03","slug":"join-our-team","status":"publish","type":"page","link":"https:\/\/brisbanepolishschool.org.au\/pl_pl\/join-our-team\/","title":{"rendered":"Rekrutacja"},"content":{"rendered":"<div class=\"wp-block-group alignfull nfd-my-0 is-layout-flow wp-block-group-is-layout-flow\" style=\"padding-top:0;padding-right:0;padding-bottom:0;padding-left:0\">\n<div class=\"wp-block-cover is-light\" style=\"padding-top:0;padding-right:0;padding-bottom:0;padding-left:0;min-height:550px;aspect-ratio:unset;\"><span aria-hidden=\"true\" class=\"wp-block-cover__background has-black-background-color has-background-dim\"><\/span><img loading=\"lazy\" decoding=\"async\" width=\"1200\" height=\"601\" class=\"wp-block-cover__image-background wp-image-304\" alt=\"\" src=\"https:\/\/brisbanepolishschool.org.au\/wp-content\/uploads\/2023\/08\/BPS-Website-Photo-Join-Out-Team-2.jpg\" data-object-fit=\"cover\" srcset=\"https:\/\/brisbanepolishschool.org.au\/wp-content\/uploads\/2023\/08\/BPS-Website-Photo-Join-Out-Team-2.jpg 1200w, https:\/\/brisbanepolishschool.org.au\/wp-content\/uploads\/2023\/08\/BPS-Website-Photo-Join-Out-Team-2-300x150.jpg 300w, https:\/\/brisbanepolishschool.org.au\/wp-content\/uploads\/2023\/08\/BPS-Website-Photo-Join-Out-Team-2-1024x513.jpg 1024w, https:\/\/brisbanepolishschool.org.au\/wp-content\/uploads\/2023\/08\/BPS-Website-Photo-Join-Out-Team-2-768x385.jpg 768w, https:\/\/brisbanepolishschool.org.au\/wp-content\/uploads\/2023\/08\/BPS-Website-Photo-Join-Out-Team-2-18x9.jpg 18w\" sizes=\"auto, (max-width: 1200px) 100vw, 1200px\" \/><div class=\"wp-block-cover__inner-container is-layout-flow wp-block-cover-is-layout-flow\">\n<div class=\"wp-block-group nfd-container nfd-text-md nfd-p-lg has-white-color has-text-color is-layout-flow wp-container-core-group-is-layout-634f0b9d wp-block-group-is-layout-flow\">\n<div class=\"wp-block-group is-layout-constrained wp-container-core-group-is-layout-1e17d720 wp-block-group-is-layout-constrained\">\n<h1 class=\"wp-block-heading has-text-align-center nfd-text-giga nfd-text-current md:nfd-no-br\" style=\"font-size:clamp(29.768px, 1.861rem + ((1vw - 3.2px) * 1.737), 52px);\"><strong>Rekrutacja<\/strong><\/h1>\n<\/div>\n<\/div>\n<\/div><\/div>\n<\/div>\n\n\n\n<div class=\"wp-block-group alignfull nfd-my-0 nfd-p-md nfd-container has-palette-color-8-background-color has-background is-layout-flow wp-container-core-group-is-layout-05898ac8 wp-block-group-is-layout-flow\">\n<div class=\"wp-block-group nfd-text-md is-layout-constrained wp-container-core-group-is-layout-8374448a wp-block-group-is-layout-constrained\" style=\"padding-top:0;padding-right:0;padding-bottom:0;padding-left:0\">\n<p class=\"has-text-align-center\">Polska Szko\u0142a w Brisbane oferuje polskoj\u0119zycznym wolontariuszom mo\u017cliwo\u015bci rozwoju zawodowego\nw przyjaznym i wspieraj\u0105cym \u015brodowisku.&nbsp;<\/p>\n\n\n\n<p class=\"has-text-align-center\">Je\u015bli masz ochot\u0119 podzieli\u0107 si\u0119 swoj\u0105 wiedz\u0105, m\u00f3wisz po polsku i szukasz mo\u017cliwo\u015bci nauczania w\nprzedziale od przedszkolak\u00f3w do uczni\u00f3w klasy 12, lub masz do\u015bwiadczenie w nauczaniu doros\u0142ych\nuczni\u00f3w, chcieliby\u015bmy pozna\u0107 Twoje zdolno\u015bci.&nbsp;<\/p>\n\n\n\n<p class=\"has-text-align-center\">Od czasu do czasu organizujemy warsztaty plastyczne, r\u0119kodzielnicze, muzyczne lub gry planszowe dla naszych uczni\u00f3w. Je\u015bli jeste\u015b zainteresowany\/a wsp\u00f3\u0142prac\u0105 z nami lub mo\u017cesz zaoferowa\u0107 inne zaj\u0119cia edukacyjne, r\u00f3wnie\u017c chcieliby\u015bmy o tym us\u0142ysze\u0107.&nbsp;<\/p>\n\n\n\n<p class=\"has-text-align-center\"><strong>Aby uzyska\u0107 wi\u0119cej informacji, prosimy o przes\u0142anie e-maila na adres: <a href=\"mailto:admin@brisbanepolishschool.org.au\">admin@brisbanepolishschool.org.au<\/a><\/strong><\/p>\n<\/div>\n<\/div>\n\n\n\n<div class=\"wp-block-group alignfull nfd-my-0 nfd-p-lg has-black-color has-palette-color-5-background-color has-text-color has-background is-layout-flow wp-container-core-group-is-layout-330ce275 wp-block-group-is-layout-flow\">\n<div class=\"wp-block-group nfd-container is-layout-constrained wp-container-core-group-is-layout-6141fbbf wp-block-group-is-layout-constrained\">\n<h1 class=\"wp-block-heading has-text-align-center nfd-text-giga nfd-text-current md:nfd-no-br has-vivid-red-color has-text-color\" style=\"font-size:clamp(29.768px, 1.861rem + ((1vw - 3.2px) * 1.737), 52px);\">Aktualne Oferty Pracy<\/h1>\n<\/div>\n\n\n\n<div class=\"wp-block-columns is-layout-flex wp-container-core-columns-is-layout-50822f29 wp-block-columns-is-layout-flex\" style=\"padding-top:0;padding-right:0;padding-bottom:0;padding-left:0\">\n<div class=\"wp-block-column is-layout-constrained wp-block-column-is-layout-constrained\">\n<figure class=\"wp-block-image aligncenter size-large is-resized\"><img decoding=\"async\" src=\"https:\/\/brisbanepolishschool.org.au\/wp-content\/uploads\/2023\/08\/BPS-Website-Poster-We-Are-Hiring-Annoucement-732x1024.jpg\" alt=\"\" class=\"wp-image-301\" style=\"aspect-ratio:2\/3;object-fit:cover;width:592px\" width=\"592\" srcset=\"https:\/\/brisbanepolishschool.org.au\/wp-content\/uploads\/2023\/08\/BPS-Website-Poster-We-Are-Hiring-Annoucement-732x1024.jpg 732w, https:\/\/brisbanepolishschool.org.au\/wp-content\/uploads\/2023\/08\/BPS-Website-Poster-We-Are-Hiring-Annoucement-214x300.jpg 214w, https:\/\/brisbanepolishschool.org.au\/wp-content\/uploads\/2023\/08\/BPS-Website-Poster-We-Are-Hiring-Annoucement-768x1075.jpg 768w, https:\/\/brisbanepolishschool.org.au\/wp-content\/uploads\/2023\/08\/BPS-Website-Poster-We-Are-Hiring-Annoucement-1098x1536.jpg 1098w, https:\/\/brisbanepolishschool.org.au\/wp-content\/uploads\/2023\/08\/BPS-Website-Poster-We-Are-Hiring-Annoucement-9x12.jpg 9w, https:\/\/brisbanepolishschool.org.au\/wp-content\/uploads\/2023\/08\/BPS-Website-Poster-We-Are-Hiring-Annoucement.jpg 1200w\" sizes=\"(max-width: 732px) 100vw, 732px\" \/><\/figure>\n<\/div>\n<\/div>\n\n\n\n<p class=\"has-text-align-center\">Prze\u015blij swoj\u0105 aplikacj\u0119 pod adres: <a href=\"mailto:admin@brisbanepolishschool.org.au\">admin@brisbanepolishschool.org.au<\/a> a w temacie wiadomo\u015bci e-maila umie\u015b\u0107 nazw\u0119 stanowiska.&nbsp;<\/p>\n<\/div>\n\n\n\n<div class=\"wp-block-group alignfull nfd-my-0 nfd-px-lg nfd-bg-gray-800 nfd-container has-white-color has-palette-color-8-background-color has-text-color has-background is-layout-flow wp-block-group-is-layout-flow\">\n<div class=\"wp-block-group nfd-py-lg nfd-px-0 nfd-border-accent nfd-relative -nfd-bottom-1 is-layout-flow wp-container-core-group-is-layout-634f0b9d wp-block-group-is-layout-flow\" style=\"border-bottom-width:8px\">\n<div class=\"wp-block-group is-layout-flow wp-container-core-group-is-layout-4002ca1b wp-block-group-is-layout-flow\">\n<h1 class=\"wp-block-heading has-text-align-center nfd-text-xl nfd-text-current md:nfd-no-br has-vivid-red-color has-text-color\" style=\"font-size:clamp(29.768px, 1.861rem + ((1vw - 3.2px) * 1.737), 52px);\">Wyra\u017cenie Zainteresowania<\/h1>\n<\/div>\n\n\n\n<div class=\"wp-block-group nfd-text-md nfd-text-opacity-80 is-layout-constrained wp-container-core-group-is-layout-fc54cf0f wp-block-group-is-layout-constrained\">\n<p class=\"has-text-align-center has-palette-color-4-color has-text-color\" style=\"font-size:clamp(14px, 0.875rem + ((1vw - 3.2px) * 0.469), 20px);\">Je\u015bli obecnie nie ma wolnych miejsc, ale chcia\u0142by\u015b\/chcia\u0142aby\u015b zg\u0142osi\u0107 zainteresowanie bycia\nnauczycielem\/nauczycielk\u0105 zast\u0119pczym\/\u0105, karier\u0105 w naszej Szkole lub mo\u017cliwo\u015bciami wolontariatu,\nwy\u015blij list motywacyjny i kopi\u0119 \u017cyciorysu pod adres <a href=\"mailto:admin@brisbanepolishschool.org.au\">admin@brisbanepolishschool.org.au<\/a> prosimy o umieszczenie tytu\u0142u w temacie wiadomo\u015bci e-maila.&nbsp;<\/p>\n<\/div>\n<\/div>\n<\/div>","protected":false},"excerpt":{"rendered":"<p>For Polish speaking volunteers Brisbane Polish School offers professional development opportunities in a friendly and supportive environment.&nbsp; If you have a drive to share your knowledge, are a Polish speaker [&hellip;]<\/p>\n","protected":false},"author":1,"featured_media":0,"parent":0,"menu_order":0,"comment_status":"closed","ping_status":"closed","template":"","meta":{"footnotes":""},"class_list":["post-65","page","type-page","status-publish","hentry"],"blocksy_meta":[],"_links":{"self":[{"href":"https:\/\/brisbanepolishschool.org.au\/pl_pl\/wp-json\/wp\/v2\/pages\/65","targetHints":{"allow":["GET"]}}],"collection":[{"href":"https:\/\/brisbanepolishschool.org.au\/pl_pl\/wp-json\/wp\/v2\/pages"}],"about":[{"href":"https:\/\/brisbanepolishschool.org.au\/pl_pl\/wp-json\/wp\/v2\/types\/page"}],"author":[{"embeddable":true,"href":"https:\/\/brisbanepolishschool.org.au\/pl_pl\/wp-json\/wp\/v2\/users\/1"}],"replies":[{"embeddable":true,"href":"https:\/\/brisbanepolishschool.org.au\/pl_pl\/wp-json\/wp\/v2\/comments?post=65"}],"version-history":[{"count":5,"href":"https:\/\/brisbanepolishschool.org.au\/pl_pl\/wp-json\/wp\/v2\/pages\/65\/revisions"}],"predecessor-version":[{"id":375,"href":"https:\/\/brisbanepolishschool.org.au\/pl_pl\/wp-json\/wp\/v2\/pages\/65\/revisions\/375"}],"wp:attachment":[{"href":"https:\/\/brisbanepolishschool.org.au\/pl_pl\/wp-json\/wp\/v2\/media?parent=65"}],"curies":[{"name":"wp","href":"https:\/\/api.w.org\/{rel}","templated":true}]}}