{"id":42,"date":"2023-08-02T16:54:48","date_gmt":"2023-08-02T16:54:48","guid":{"rendered":"https:\/\/brisbanepolishschool.org.au\/?page_id=42"},"modified":"2025-10-16T22:48:08","modified_gmt":"2025-10-16T22:48:08","slug":"home","status":"publish","type":"page","link":"https:\/\/brisbanepolishschool.org.au\/pl_pl\/","title":{"rendered":"Strona G\u0142\u00f3wna"},"content":{"rendered":"<div class=\"wp-block-group alignfull nfd-my-0 is-layout-flow wp-block-group-is-layout-flow\" id=\"hero\" style=\"padding-top:0;padding-right:0;padding-bottom:0;padding-left:0\">\n<div class=\"wp-block-cover nfd-stretch-cover-child nfd-bg-gray-800\" style=\"margin-top:0;margin-bottom:0;padding-top:0;padding-right:0;padding-bottom:0;padding-left:0;min-height:657px;aspect-ratio:unset;\"><img loading=\"lazy\" decoding=\"async\" width=\"1000\" height=\"667\" class=\"wp-block-cover__image-background wp-image-142\" alt=\"\" src=\"https:\/\/brisbanepolishschool.org.au\/wp-content\/uploads\/2023\/08\/pexels-max-fischer-5212695-web.jpg\" style=\"object-position:43% 11%\" data-object-fit=\"cover\" data-object-position=\"43% 11%\" srcset=\"https:\/\/brisbanepolishschool.org.au\/wp-content\/uploads\/2023\/08\/pexels-max-fischer-5212695-web.jpg 1000w, https:\/\/brisbanepolishschool.org.au\/wp-content\/uploads\/2023\/08\/pexels-max-fischer-5212695-web-300x200.jpg 300w, https:\/\/brisbanepolishschool.org.au\/wp-content\/uploads\/2023\/08\/pexels-max-fischer-5212695-web-768x512.jpg 768w\" sizes=\"auto, (max-width: 1000px) 100vw, 1000px\" \/><span aria-hidden=\"true\" class=\"wp-block-cover__background has-palette-color-4-background-color has-background-dim-60 has-background-dim\"><\/span><div class=\"wp-block-cover__inner-container is-layout-flow wp-block-cover-is-layout-flow\">\n<p class=\"has-text-align-center\" style=\"font-size:clamp(29.768px, 1.861rem + ((1vw - 3.2px) * 1.737), 52px);line-height:1.2\"><strong>Witamy w <br>Brisbane Polish School<\/strong><\/p>\n\n\n\n<p class=\"has-text-align-center\" style=\"margin-top:0;margin-right:var(--wp--preset--spacing--40);margin-bottom:0;margin-left:var(--wp--preset--spacing--40);padding-top:0;padding-right:0;padding-bottom:0;padding-left:0;font-size:clamp(14.642px, 0.915rem + ((1vw - 3.2px) * 0.575), 22px);\">Miejsce, w kt\u00f3rym kultura polska jest przekazywana wszystkim zainteresowanym j\u0119zykiem i tradycjami Polski.<\/p>\n<\/div><\/div>\n<\/div>\n\n\n\n<div class=\"wp-block-group alignfull nfd-my-0 is-layout-constrained wp-container-core-group-is-layout-254f1302 wp-block-group-is-layout-constrained\" id=\"hero\" style=\"padding-top:0;padding-right:0;padding-bottom:0;padding-left:0\"><\/div>\n\n\n\n<div class=\"wp-block-group alignfull nfd-my-0 nfd-p-md nfd-pb-lg nfd-container has-black-color has-white-background-color has-text-color has-background is-layout-flow wp-container-core-group-is-layout-330ce275 wp-block-group-is-layout-flow\">\n<div class=\"wp-block-group alignfull nfd-my-0 nfd-p-md nfd-container is-layout-flow wp-container-core-group-is-layout-05898ac8 wp-block-group-is-layout-flow\">\n<div class=\"wp-block-group is-layout-flow wp-container-core-group-is-layout-7867fb89 wp-block-group-is-layout-flow\" style=\"padding-top:0;padding-right:0;padding-bottom:0;padding-left:0\">\n<h1 class=\"wp-block-heading has-text-align-center nfd-text-huge nfd-text-primary md:nfd-no-br has-vivid-red-color has-text-color\" style=\"font-size:clamp(29.768px, 1.861rem + ((1vw - 3.2px) * 1.737), 52px);\">Brisbane Polish School Assoc Inc<\/h1>\n<\/div>\n\n\n\n<div class=\"wp-block-group nfd-text-md is-content-justification-center is-layout-constrained wp-container-core-group-is-layout-60af9373 wp-block-group-is-layout-constrained\" style=\"padding-top:0;padding-right:0;padding-bottom:0;padding-left:0\">\n<p class=\"has-text-align-center\">Polska Szko\u0142a w Brisbane jest organizacj\u0105 not-for-profit i cz\u0142onkiem The Ethnic Schools Association of Queensland (ESAQ) Inc, Ethnic Communities Council of Queensland (ECCQ), Federacji Polskich Organizacji w Queensland i Centrum Rozwoju Edukacji Polskiej za Granic\u0105. Wsp\u00f3\u0142pracujemy r\u00f3wnie\u017c z innymi szko\u0142ami j\u0119zyk\u00f3w etnicznych w Queensland.<\/p>\n\n\n\n<p class=\"has-text-align-center\">Nasza Polska Szko\u0142a w Brisbane jest otwarta dla ka\u017cdego, kto pragnie uczy\u0107 si\u0119 j\u0119zyka polskiego oraz\nzg\u0142\u0119bia\u0107 wiedz\u0119 z zakresu polskiej historii, geografii i literatury. Stanowi ona miejsce, w kt\u00f3rym\nkultura polska jest przekazywana wszystkim zainteresowanym j\u0119zykiem i tradycjami Polski, zar\u00f3wno kolejnym pokoleniom, jak i doros\u0142ym uczniom, kt\u00f3rzy pragn\u0105 odkry\u0107 swoje polskie dziedzictwo. W naszej spo\u0142eczno\u015bci szkolnej zaczynaj\u0105 si\u0119 d\u0142ugotrwa\u0142e przyja\u017anie, a ka\u017cdy jest mile widziany.&nbsp;<\/p>\n\n\n\n<p class=\"has-text-align-center\">Serdecznie dzi\u0119kujemy cz\u0142onkom Szko\u0142y Polskiej w Brisbane, Radzie Dyrektor\u00f3w, Gronu Pedagogicznemu, Komitetowi ds. Zbi\u00f3rki Funduszy, rodzicom i opiekunom za ich zaanga\u017cowanie i po\u015bwi\u0119cenie swojego czasu i umiej\u0119tno\u015bci.<\/p>\n\n\n\n<p class=\"has-text-align-center\">&nbsp;<\/p>\n<\/div>\n\n\n\n<figure class=\"wp-block-image aligncenter size-large\"><img loading=\"lazy\" decoding=\"async\" width=\"1024\" height=\"512\" src=\"https:\/\/brisbanepolishschool.org.au\/wp-content\/uploads\/2023\/08\/Acknowledgment-of-the-Country-EN-1024x512.png\" alt=\"\" class=\"wp-image-236\" srcset=\"https:\/\/brisbanepolishschool.org.au\/wp-content\/uploads\/2023\/08\/Acknowledgment-of-the-Country-EN-1024x512.png 1024w, https:\/\/brisbanepolishschool.org.au\/wp-content\/uploads\/2023\/08\/Acknowledgment-of-the-Country-EN-300x150.png 300w, https:\/\/brisbanepolishschool.org.au\/wp-content\/uploads\/2023\/08\/Acknowledgment-of-the-Country-EN-768x384.png 768w, https:\/\/brisbanepolishschool.org.au\/wp-content\/uploads\/2023\/08\/Acknowledgment-of-the-Country-EN-1536x768.png 1536w, https:\/\/brisbanepolishschool.org.au\/wp-content\/uploads\/2023\/08\/Acknowledgment-of-the-Country-EN-2048x1024.png 2048w\" sizes=\"auto, (max-width: 1024px) 100vw, 1024px\" \/><\/figure>\n<\/div>\n\n\n\n<div class=\"wp-block-columns are-vertically-aligned-bottom is-layout-flex wp-container-core-columns-is-layout-4f46fbc1 wp-block-columns-is-layout-flex\" style=\"padding-top:0;padding-right:0;padding-bottom:0;padding-left:0\">\n<div class=\"wp-block-column is-vertically-aligned-bottom is-layout-flow wp-container-core-column-is-layout-1a0eff7f wp-block-column-is-layout-flow\">\n<h1 class=\"wp-block-heading has-text-align-center nfd-text-current nfd-text-huge md:nfd-no-br has-vivid-red-color has-text-color\" style=\"font-size:clamp(29.768px, 1.861rem + ((1vw - 3.2px) * 1.737), 52px);\">Ucz Si\u0119 w Brisbane Polish School <\/h1>\n<\/div>\n<\/div>\n\n\n\n<div class=\"wp-block-columns alignwide is-layout-flex wp-container-core-columns-is-layout-6127943d wp-block-columns-is-layout-flex\">\n<div class=\"wp-block-column is-layout-flow wp-container-core-column-is-layout-8eebadab wp-block-column-is-layout-flow\">\n<figure class=\"wp-block-image size-large is-resized has-custom-border\"><img loading=\"lazy\" decoding=\"async\" width=\"1024\" height=\"683\" src=\"https:\/\/brisbanepolishschool.org.au\/wp-content\/uploads\/2023\/08\/BPS-Website-Photo-School-for-Children-1-8613054-1024x683.jpg\" alt=\"\" class=\"wp-image-283\" style=\"border-radius:4px;object-fit:cover;width:541px;height:304px\" srcset=\"https:\/\/brisbanepolishschool.org.au\/wp-content\/uploads\/2023\/08\/BPS-Website-Photo-School-for-Children-1-8613054-1024x683.jpg 1024w, https:\/\/brisbanepolishschool.org.au\/wp-content\/uploads\/2023\/08\/BPS-Website-Photo-School-for-Children-1-8613054-300x200.jpg 300w, https:\/\/brisbanepolishschool.org.au\/wp-content\/uploads\/2023\/08\/BPS-Website-Photo-School-for-Children-1-8613054-768x512.jpg 768w, https:\/\/brisbanepolishschool.org.au\/wp-content\/uploads\/2023\/08\/BPS-Website-Photo-School-for-Children-1-8613054-18x12.jpg 18w, https:\/\/brisbanepolishschool.org.au\/wp-content\/uploads\/2023\/08\/BPS-Website-Photo-School-for-Children-1-8613054.jpg 1200w\" sizes=\"auto, (max-width: 1024px) 100vw, 1024px\" \/><\/figure>\n\n\n\n<div class=\"wp-block-group is-content-justification-left is-layout-constrained wp-container-core-group-is-layout-f3ff1a0c wp-block-group-is-layout-constrained\">\n<h3 class=\"wp-block-heading nfd-text-lg has-vivid-red-color has-text-color\" style=\"font-size:clamp(24.034px, 1.502rem + ((1vw - 3.2px) * 1.247), 40px);\">Szko\u0142a Dla Dzieci<\/h3>\n\n\n\n<div class=\"wp-block-group nfd-text-base nfd-text-opacity-80 is-layout-flow wp-container-core-group-is-layout-634f0b9d wp-block-group-is-layout-flow\">\n<p>Zaj\u0119cia dla dzieci od 3 roku \u017cycia. Wszyscy nasi nauczyciele to osoby, kt\u00f3re p\u0142ynnie pos\u0142uguj\u0105\nsi\u0119 j\u0119zykiem polskim, s\u0105 absolwentami uniwersytet\u00f3w i posiadaj\u0105 zarejestrowane karty Blue Card.<\/p>\n\n\n\n<div class=\"wp-block-buttons is-layout-flex wp-block-buttons-is-layout-flex\">\n<div class=\"wp-block-button\"><a class=\"wp-block-button__link wp-element-button\" href=\"https:\/\/brisbanepolishschool.org.au\/pl_pl\/learn-children\/\">Dowiedz si\u0119 wi\u0119cej<\/a><\/div>\n<\/div>\n<\/div>\n<\/div>\n<\/div>\n\n\n\n<div class=\"wp-block-column is-layout-flow wp-container-core-column-is-layout-8eebadab wp-block-column-is-layout-flow\">\n<figure class=\"wp-block-image size-large is-resized has-custom-border\"><img loading=\"lazy\" decoding=\"async\" width=\"1024\" height=\"629\" src=\"https:\/\/brisbanepolishschool.org.au\/wp-content\/uploads\/2023\/08\/BPS-Website-Photo-Learn-3-1024x629.jpg\" alt=\"\" class=\"wp-image-277\" style=\"border-radius:4px;object-fit:cover;width:539px;height:303px\" srcset=\"https:\/\/brisbanepolishschool.org.au\/wp-content\/uploads\/2023\/08\/BPS-Website-Photo-Learn-3-1024x629.jpg 1024w, https:\/\/brisbanepolishschool.org.au\/wp-content\/uploads\/2023\/08\/BPS-Website-Photo-Learn-3-300x184.jpg 300w, https:\/\/brisbanepolishschool.org.au\/wp-content\/uploads\/2023\/08\/BPS-Website-Photo-Learn-3-768x472.jpg 768w, https:\/\/brisbanepolishschool.org.au\/wp-content\/uploads\/2023\/08\/BPS-Website-Photo-Learn-3-18x12.jpg 18w, https:\/\/brisbanepolishschool.org.au\/wp-content\/uploads\/2023\/08\/BPS-Website-Photo-Learn-3.jpg 1200w\" sizes=\"auto, (max-width: 1024px) 100vw, 1024px\" \/><\/figure>\n\n\n\n<div class=\"wp-block-group is-content-justification-left is-layout-constrained wp-container-core-group-is-layout-f3ff1a0c wp-block-group-is-layout-constrained\">\n<h3 class=\"wp-block-heading nfd-text-lg has-vivid-red-color has-text-color\" style=\"font-size:clamp(24.034px, 1.502rem + ((1vw - 3.2px) * 1.247), 40px);\">Szko\u0142a Dla Doros\u0142ych<\/h3>\n\n\n\n<div class=\"wp-block-group nfd-text-base nfd-text-opacity-80 is-layout-flow wp-container-core-group-is-layout-634f0b9d wp-block-group-is-layout-flow\">\n<p>Polska Szko\u0142a w Brisbane oferuje kursy j\u0119zyka polskiego dla doros\u0142ych online. Program jest zgodny z europejskim systemem opisu kszta\u0142cenia j\u0119zykowego, mi\u0119dzynarodowym standardem opisuj\u0105cym umiej\u0119tno\u015bci j\u0119zykowe.<\/p>\n\n\n\n<div class=\"wp-block-buttons is-layout-flex wp-block-buttons-is-layout-flex\">\n<div class=\"wp-block-button\"><a class=\"wp-block-button__link wp-element-button\" href=\"https:\/\/brisbanepolishschool.org.au\/pl_pl\/learn-adults\/\">Dowiedz si\u0119 wi\u0119cej<\/a><\/div>\n<\/div>\n<\/div>\n<\/div>\n<\/div>\n<\/div>\n<\/div>\n\n\n\n<div class=\"wp-block-group alignfull nfd-my-0 nfd-text-current md:nfd-border-none has-black-color has-white-background-color has-text-color has-background is-layout-flow wp-block-group-is-layout-flow\" style=\"border-top-style:none;border-top-width:0px;border-right-color:var(--wp--preset--color--white);border-right-width:32px;border-bottom-style:none;border-bottom-width:0px;border-left-color:var(--wp--preset--color--white);border-left-width:32px;padding-top:0;padding-right:0;padding-bottom:0;padding-left:0\"><\/div>","protected":false},"excerpt":{"rendered":"<p>Brisbane Polish School Assoc Inc Brisbane Polish School Assoc Inc is a not-for-profit and member of The Ethnic Schools Association of Queensland Inc (ESAQ), Ethnic Communities Council of Queensland (ECCQ), [&hellip;]<\/p>\n","protected":false},"author":1,"featured_media":0,"parent":0,"menu_order":0,"comment_status":"closed","ping_status":"closed","template":"","meta":{"footnotes":""},"class_list":["post-42","page","type-page","status-publish","hentry"],"blocksy_meta":[],"_links":{"self":[{"href":"https:\/\/brisbanepolishschool.org.au\/pl_pl\/wp-json\/wp\/v2\/pages\/42","targetHints":{"allow":["GET"]}}],"collection":[{"href":"https:\/\/brisbanepolishschool.org.au\/pl_pl\/wp-json\/wp\/v2\/pages"}],"about":[{"href":"https:\/\/brisbanepolishschool.org.au\/pl_pl\/wp-json\/wp\/v2\/types\/page"}],"author":[{"embeddable":true,"href":"https:\/\/brisbanepolishschool.org.au\/pl_pl\/wp-json\/wp\/v2\/users\/1"}],"replies":[{"embeddable":true,"href":"https:\/\/brisbanepolishschool.org.au\/pl_pl\/wp-json\/wp\/v2\/comments?post=42"}],"version-history":[{"count":7,"href":"https:\/\/brisbanepolishschool.org.au\/pl_pl\/wp-json\/wp\/v2\/pages\/42\/revisions"}],"predecessor-version":[{"id":481,"href":"https:\/\/brisbanepolishschool.org.au\/pl_pl\/wp-json\/wp\/v2\/pages\/42\/revisions\/481"}],"wp:attachment":[{"href":"https:\/\/brisbanepolishschool.org.au\/pl_pl\/wp-json\/wp\/v2\/media?parent=42"}],"curies":[{"name":"wp","href":"https:\/\/api.w.org\/{rel}","templated":true}]}}