{"id":17,"date":"2023-07-19T15:52:56","date_gmt":"2023-07-19T15:52:56","guid":{"rendered":"https:\/\/brisbanepolishschool.org.au\/?page_id=17"},"modified":"2024-07-01T15:48:43","modified_gmt":"2024-07-01T15:48:43","slug":"donations-at-brisbane-polish-school","status":"publish","type":"page","link":"https:\/\/brisbanepolishschool.org.au\/pl_pl\/donations-at-brisbane-polish-school\/","title":{"rendered":"Datki"},"content":{"rendered":"<div class=\"wp-block-group alignfull nfd-my-0 is-layout-flow wp-block-group-is-layout-flow\" style=\"padding-top:0;padding-right:0;padding-bottom:0;padding-left:0\">\n<div class=\"wp-block-cover wp-duotone-unset-1\" style=\"padding-top:0;padding-right:0;padding-bottom:0;padding-left:0;min-height:50vh;aspect-ratio:unset;\"><span aria-hidden=\"true\" class=\"wp-block-cover__background has-palette-color-8-background-color has-background-dim-70 has-background-dim\"><\/span><img loading=\"lazy\" decoding=\"async\" width=\"1000\" height=\"578\" class=\"wp-block-cover__image-background wp-image-409\" alt=\"\" src=\"https:\/\/brisbanepolishschool.org.au\/wp-content\/uploads\/2024\/07\/shutterstock_2003106494-12.jpg\" style=\"object-position:68% 44%\" data-object-fit=\"cover\" data-object-position=\"68% 44%\" srcset=\"https:\/\/brisbanepolishschool.org.au\/wp-content\/uploads\/2024\/07\/shutterstock_2003106494-12.jpg 1000w, https:\/\/brisbanepolishschool.org.au\/wp-content\/uploads\/2024\/07\/shutterstock_2003106494-12-300x173.jpg 300w, https:\/\/brisbanepolishschool.org.au\/wp-content\/uploads\/2024\/07\/shutterstock_2003106494-12-768x444.jpg 768w, https:\/\/brisbanepolishschool.org.au\/wp-content\/uploads\/2024\/07\/shutterstock_2003106494-12-18x10.jpg 18w\" sizes=\"auto, (max-width: 1000px) 100vw, 1000px\" \/><div class=\"wp-block-cover__inner-container is-layout-flow wp-block-cover-is-layout-flow\">\n<div class=\"wp-block-group nfd-container nfd-text-md nfd-p-lg has-black-color has-text-color is-layout-flow wp-container-core-group-is-layout-634f0b9d wp-block-group-is-layout-flow\">\n<div class=\"wp-block-group is-layout-flow wp-container-core-group-is-layout-4002ca1b wp-block-group-is-layout-flow\">\n<p><\/p>\n\n\n\n<h1 class=\"wp-block-heading has-text-align-center nfd-text-giga nfd-text-current md:nfd-no-br has-vivid-red-color has-text-color\" style=\"font-size:clamp(29.768px, 1.861rem + ((1vw - 3.2px) * 1.737), 52px);\">Datki<\/h1>\n<\/div>\n\n\n\n<div class=\"wp-block-group nfd-text-opacity-80 is-layout-constrained wp-container-core-group-is-layout-fc54cf0f wp-block-group-is-layout-constrained\">\n<p class=\"has-text-align-center\"><strong>Pa\u0144stwa datki umo\u017cliwiaj\u0105 kursy doskonalenia zawodowego dla naszych nauczycieli, zakup ksi\u0105\u017cek i\nmateria\u0142\u00f3w do nauki dla naszych uczni\u00f3w. <\/strong><\/p>\n\n\n\n<p class=\"has-text-align-center\">Przekazane \u015brodki pozwalaj\u0105 nam r\u00f3wnie\u017c na remonty sal szkolnych i zakup wyposa\u017cenia. Jeste\u015bmy bardzo wdzi\u0119czni za ka\u017cd\u0105 przekazan\u0105 kwot\u0119. Dzi\u0119kujemy za nieustaj\u0105ce wsparcie.<\/p>\n\n\n\n<p><\/p>\n<\/div>\n\n\n\n<p class=\"has-text-align-center\" style=\"font-size:clamp(14px, 0.875rem + ((1vw - 3.2px) * 0.313), 18px);\">Brisbane Polish School Assoc Inc<\/p>\n\n\n\n<p class=\"has-text-align-center\" style=\"font-size:clamp(14px, 0.875rem + ((1vw - 3.2px) * 0.313), 18px);\">ABN 11 614 786 839\u00a0<br>BSB: 034-034<br>Acct: 169 264<br>Ref: Donation<\/p>\n\n\n\n<p><\/p>\n<\/div>\n<\/div><\/div>\n<\/div>","protected":false},"excerpt":{"rendered":"","protected":false},"author":1,"featured_media":0,"parent":0,"menu_order":0,"comment_status":"closed","ping_status":"closed","template":"","meta":{"footnotes":""},"class_list":["post-17","page","type-page","status-publish","hentry"],"blocksy_meta":[],"_links":{"self":[{"href":"https:\/\/brisbanepolishschool.org.au\/pl_pl\/wp-json\/wp\/v2\/pages\/17","targetHints":{"allow":["GET"]}}],"collection":[{"href":"https:\/\/brisbanepolishschool.org.au\/pl_pl\/wp-json\/wp\/v2\/pages"}],"about":[{"href":"https:\/\/brisbanepolishschool.org.au\/pl_pl\/wp-json\/wp\/v2\/types\/page"}],"author":[{"embeddable":true,"href":"https:\/\/brisbanepolishschool.org.au\/pl_pl\/wp-json\/wp\/v2\/users\/1"}],"replies":[{"embeddable":true,"href":"https:\/\/brisbanepolishschool.org.au\/pl_pl\/wp-json\/wp\/v2\/comments?post=17"}],"version-history":[{"count":9,"href":"https:\/\/brisbanepolishschool.org.au\/pl_pl\/wp-json\/wp\/v2\/pages\/17\/revisions"}],"predecessor-version":[{"id":412,"href":"https:\/\/brisbanepolishschool.org.au\/pl_pl\/wp-json\/wp\/v2\/pages\/17\/revisions\/412"}],"wp:attachment":[{"href":"https:\/\/brisbanepolishschool.org.au\/pl_pl\/wp-json\/wp\/v2\/media?parent=17"}],"curies":[{"name":"wp","href":"https:\/\/api.w.org\/{rel}","templated":true}]}}