{"id":16,"date":"2023-07-19T15:52:55","date_gmt":"2023-07-19T15:52:55","guid":{"rendered":"https:\/\/brisbanepolishschool.org.au\/?page_id=16"},"modified":"2026-04-07T14:49:11","modified_gmt":"2026-04-07T04:49:11","slug":"community","status":"publish","type":"page","link":"https:\/\/brisbanepolishschool.org.au\/pl_pl\/community\/","title":{"rendered":"Spo\u0142eczno\u015b\u0107 Szkolna"},"content":{"rendered":"<div class=\"wp-block-group alignfull nfd-my-0 nfd-p-md nfd-container is-layout-flow wp-container-core-group-is-layout-05898ac8 wp-block-group-is-layout-flow\">\n<div class=\"wp-block-group is-layout-flow wp-container-core-group-is-layout-7867fb89 wp-block-group-is-layout-flow\" style=\"padding-top:0;padding-right:0;padding-bottom:0;padding-left:0\">\n<h1 class=\"wp-block-heading has-text-align-center nfd-text-huge nfd-text-primary md:nfd-no-br has-vivid-red-color has-text-color\" style=\"font-size:clamp(29.768px, 1.861rem + ((1vw - 3.2px) * 1.737), 52px);\">Calendar<\/h1>\n<\/div>\n\n\n\n<div class=\"wp-block-group nfd-text-md is-content-justification-center is-layout-constrained wp-container-core-group-is-layout-2233fbf2 wp-block-group-is-layout-constrained\" style=\"padding-top:0;padding-right:0;padding-bottom:0;padding-left:0\">\n<div class=\"wp-block-buttons is-content-justification-center is-layout-flex wp-container-core-buttons-is-layout-a89b3969 wp-block-buttons-is-layout-flex\">\n<div class=\"wp-block-button\"><a class=\"wp-block-button__link wp-element-button\" href=\"https:\/\/brisbanepolishschool.org.au\/pl_pl\/calendar\/\">Dowiedz si\u0119 wi\u0119cej<\/a><\/div>\n<\/div>\n<\/div>\n<\/div>\n\n\n\n<div class=\"wp-block-group alignfull nfd-my-0 nfd-p-md nfd-container is-layout-flow wp-container-core-group-is-layout-05898ac8 wp-block-group-is-layout-flow\">\n<div class=\"wp-block-group is-layout-flow wp-container-core-group-is-layout-7867fb89 wp-block-group-is-layout-flow\" style=\"padding-top:0;padding-right:0;padding-bottom:0;padding-left:0\">\n<h1 class=\"wp-block-heading has-text-align-center nfd-text-huge nfd-text-primary md:nfd-no-br has-vivid-red-color has-text-color\" style=\"font-size:clamp(29.768px, 1.861rem + ((1vw - 3.2px) * 1.737), 52px);\">Wiadomo\u015bci<\/h1>\n<\/div>\n\n\n\n<div class=\"wp-block-group nfd-text-md is-content-justification-center is-layout-constrained wp-container-core-group-is-layout-2233fbf2 wp-block-group-is-layout-constrained\" style=\"padding-top:0;padding-right:0;padding-bottom:0;padding-left:0\">\n<div class=\"wp-block-buttons is-content-justification-center is-layout-flex wp-container-core-buttons-is-layout-a89b3969 wp-block-buttons-is-layout-flex\">\n<div class=\"wp-block-button\"><a class=\"wp-block-button__link wp-element-button\" href=\"https:\/\/brisbanepolishschool.org.au\/pl_pl\/category\/news\/\">Dowiedz si\u0119 wi\u0119cej<\/a><\/div>\n<\/div>\n<\/div>\n<\/div>\n\n\n\n<div class=\"wp-block-group alignfull nfd-my-0 nfd-p-md nfd-container has-palette-color-5-background-color has-background is-layout-flow wp-container-core-group-is-layout-05898ac8 wp-block-group-is-layout-flow\">\n<div class=\"wp-block-group is-layout-flow wp-container-core-group-is-layout-7867fb89 wp-block-group-is-layout-flow\" style=\"padding-top:0;padding-right:0;padding-bottom:0;padding-left:0\">\n<h1 class=\"wp-block-heading has-text-align-center nfd-text-huge nfd-text-primary md:nfd-no-br has-vivid-red-color has-text-color\" style=\"font-size:clamp(29.768px, 1.861rem + ((1vw - 3.2px) * 1.737), 52px);\">Previous Events<\/h1>\n<\/div>\n\n\n\n<div class=\"wp-block-group nfd-text-md is-content-justification-center is-layout-constrained wp-container-core-group-is-layout-2233fbf2 wp-block-group-is-layout-constrained\" style=\"padding-top:0;padding-right:0;padding-bottom:0;padding-left:0\">\n<div class=\"wp-block-buttons is-content-justification-center is-layout-flex wp-container-core-buttons-is-layout-a89b3969 wp-block-buttons-is-layout-flex\">\n<div class=\"wp-block-button\"><a class=\"wp-block-button__link wp-element-button\" href=\"https:\/\/brisbanepolishschool.org.au\/pl_pl\/category\/events\/\">Dowiedz si\u0119 wi\u0119cej<\/a><\/div>\n<\/div>\n<\/div>\n<\/div>\n\n\n\n<p><\/p>","protected":false},"excerpt":{"rendered":"<p>Calendar News Previous Events<\/p>","protected":false},"author":1,"featured_media":0,"parent":0,"menu_order":0,"comment_status":"closed","ping_status":"closed","template":"","meta":{"footnotes":""},"class_list":["post-16","page","type-page","status-publish","hentry"],"blocksy_meta":[],"_links":{"self":[{"href":"https:\/\/brisbanepolishschool.org.au\/pl_pl\/wp-json\/wp\/v2\/pages\/16","targetHints":{"allow":["GET"]}}],"collection":[{"href":"https:\/\/brisbanepolishschool.org.au\/pl_pl\/wp-json\/wp\/v2\/pages"}],"about":[{"href":"https:\/\/brisbanepolishschool.org.au\/pl_pl\/wp-json\/wp\/v2\/types\/page"}],"author":[{"embeddable":true,"href":"https:\/\/brisbanepolishschool.org.au\/pl_pl\/wp-json\/wp\/v2\/users\/1"}],"replies":[{"embeddable":true,"href":"https:\/\/brisbanepolishschool.org.au\/pl_pl\/wp-json\/wp\/v2\/comments?post=16"}],"version-history":[{"count":7,"href":"https:\/\/brisbanepolishschool.org.au\/pl_pl\/wp-json\/wp\/v2\/pages\/16\/revisions"}],"predecessor-version":[{"id":1083,"href":"https:\/\/brisbanepolishschool.org.au\/pl_pl\/wp-json\/wp\/v2\/pages\/16\/revisions\/1083"}],"wp:attachment":[{"href":"https:\/\/brisbanepolishschool.org.au\/pl_pl\/wp-json\/wp\/v2\/media?parent=16"}],"curies":[{"name":"wp","href":"https:\/\/api.w.org\/{rel}","templated":true}]}}