{"id":15,"date":"2023-07-19T15:52:54","date_gmt":"2023-07-19T15:52:54","guid":{"rendered":"https:\/\/brisbanepolishschool.org.au\/?page_id=15"},"modified":"2025-02-14T09:37:53","modified_gmt":"2025-02-14T09:37:53","slug":"learn-children","status":"publish","type":"page","link":"https:\/\/brisbanepolishschool.org.au\/pl_pl\/learn-children\/","title":{"rendered":"Szko\u0142a Dla Dzieci"},"content":{"rendered":"<div class=\"wp-block-group alignfull nfd-my-0 has-black-color has-white-background-color has-text-color has-background is-layout-flow wp-container-core-group-is-layout-d6743c7d wp-block-group-is-layout-flow\">\n<div class=\"wp-block-group alignfull nfd-container nfd-p-lg nfd-text-base has-black-color has-text-color has-link-color wp-elements-650c31dca18e08bc3e993edd940459db is-layout-flow wp-block-group-is-layout-flow\">\n<div class=\"wp-block-columns are-vertically-aligned-center is-layout-flex wp-container-core-columns-is-layout-f529f824 wp-block-columns-is-layout-flex\">\n<div class=\"wp-block-column is-vertically-aligned-center is-layout-flow wp-container-core-column-is-layout-c6626a78 wp-block-column-is-layout-flow\" style=\"flex-basis:50%\">\n<div class=\"wp-block-group is-layout-constrained wp-container-core-group-is-layout-6141fbbf wp-block-group-is-layout-constrained\">\n<h1 class=\"wp-block-heading has-text-align-left nfd-text-huge nfd-text-primary md:nfd-no-br has-vivid-red-color has-text-color\" style=\"font-size:clamp(29.768px, 1.861rem + ((1vw - 3.2px) * 1.737), 52px);\">Szko\u0142a Dla Dzieci<\/h1>\n\n\n\n<p>Zaj\u0119cia dla dzieci od 3 roku \u017cycia s\u0105 organizowane w soboty rano na terenie ko\u015bcio\u0142a Matki Bo\u017cej Zwyci\u0119skiej w Bowen Hills. Wszyscy nasi nauczyciele to osoby, kt\u00f3re p\u0142ynnie pos\u0142uguj\u0105 si\u0119 j\u0119zykiem polskim, s\u0105 absolwentami uniwersytet\u00f3w i posiadaj\u0105 zarejestrowane karty Blue Card.\u00a0<\/p>\n\n\n\n<p>Polska Szko\u0142a w Brisbane przygotowuje uczni\u00f3w klas 11 i 12 do egzaminu Queensland Curriculum\nand Assessment Authority (QCAA) z j\u0119zyka polskiego (Senior External Examination - SEE). Wyniki z\nSEE, wraz ze wsp\u00f3\u0142czynnikami koryguj\u0105cymi, nazywanymi r\u00f3wnie\u017c punktami bonusowymi, mog\u0105\npoprawi\u0107 ranking selekcji podczas sk\u0142adania wniosk\u00f3w na uniwersytety lub instytucje szkolnictwa\nwy\u017cszego.&nbsp;<\/p>\n<\/div>\n\n\n\n<div class=\"wp-block-columns nfd-text-base is-layout-flex wp-container-core-columns-is-layout-28f84493 wp-block-columns-is-layout-flex\">\n<div class=\"wp-block-column is-layout-flow wp-block-column-is-layout-flow\">\n<div class=\"wp-block-group is-vertical is-layout-flex wp-container-core-group-is-layout-3ec2841e wp-block-group-is-layout-flex\">\n<p><strong><strong>ATAR + PUNKTY BONUSOWE = RANKING SELEKCJI<\/strong><\/strong><\/p>\n<\/div>\n<\/div>\n<\/div>\n<\/div>\n\n\n\n<div class=\"wp-block-column is-vertically-aligned-center is-layout-flow wp-block-column-is-layout-flow\">\n<div class=\"wp-block-group nfd-overflow-hidden is-layout-constrained wp-block-group-is-layout-constrained\" style=\"border-radius:6px\">\n<div class=\"wp-block-cover is-light has-custom-content-position is-position-bottom-right nfd-bg-accent\" style=\"padding-top:0px;padding-right:24px;padding-bottom:0px;padding-left:24px;min-height:500px;aspect-ratio:unset;\"><span aria-hidden=\"true\" class=\"wp-block-cover__background has-background-dim wp-block-cover__gradient-background has-background-gradient\" style=\"background:linear-gradient(0deg,rgb(255,255,255) 7%,rgba(255,255,255,0) 7%)\"><\/span><img loading=\"lazy\" decoding=\"async\" width=\"1200\" height=\"800\" class=\"wp-block-cover__image-background wp-image-299\" alt=\"\" src=\"https:\/\/brisbanepolishschool.org.au\/wp-content\/uploads\/2023\/08\/BPS-Website-Photo-School-for-Children-3_1860471412.jpg\" style=\"object-position:7% 51%\" data-object-fit=\"cover\" data-object-position=\"7% 51%\" srcset=\"https:\/\/brisbanepolishschool.org.au\/wp-content\/uploads\/2023\/08\/BPS-Website-Photo-School-for-Children-3_1860471412.jpg 1200w, https:\/\/brisbanepolishschool.org.au\/wp-content\/uploads\/2023\/08\/BPS-Website-Photo-School-for-Children-3_1860471412-300x200.jpg 300w, https:\/\/brisbanepolishschool.org.au\/wp-content\/uploads\/2023\/08\/BPS-Website-Photo-School-for-Children-3_1860471412-1024x683.jpg 1024w, https:\/\/brisbanepolishschool.org.au\/wp-content\/uploads\/2023\/08\/BPS-Website-Photo-School-for-Children-3_1860471412-768x512.jpg 768w, https:\/\/brisbanepolishschool.org.au\/wp-content\/uploads\/2023\/08\/BPS-Website-Photo-School-for-Children-3_1860471412-18x12.jpg 18w\" sizes=\"auto, (max-width: 1200px) 100vw, 1200px\" \/><div class=\"wp-block-cover__inner-container is-layout-flow wp-block-cover-is-layout-flow\">\n<p class=\"has-text-align-center has-large-font-size\"><\/p>\n<\/div><\/div>\n<\/div>\n<\/div>\n<\/div>\n<\/div>\n<\/div>\n\n\n\n<div class=\"wp-block-group alignfull nfd-my-0 nfd-px-md nfd-p-lg nfd-container nfd-bg-gray-100 has-black-color has-text-color has-background is-layout-flow wp-container-core-group-is-layout-330ce275 wp-block-group-is-layout-flow\" style=\"background-color:#c2060612\">\n<div class=\"wp-block-group nfd-my-0 nfd-container is-layout-flow wp-container-core-group-is-layout-05898ac8 wp-block-group-is-layout-flow\">\n<div class=\"wp-block-group is-layout-constrained wp-container-core-group-is-layout-d0596775 wp-block-group-is-layout-constrained\" style=\"padding-top:0;padding-right:0;padding-bottom:0;padding-left:0\">\n<h1 class=\"wp-block-heading has-text-align-center nfd-text-huge nfd-text-current md:nfd-no-br has-vivid-red-color has-text-color\" style=\"font-size:clamp(29.768px, 1.861rem + ((1vw - 3.2px) * 1.737), 52px);\">Kalendarz<\/h1>\n\n\n\n<p class=\"has-text-align-center\">Polska Szko\u0142a w Brisbane dostosowuje daty swoich zaj\u0119\u0107 zgodnie z kalendarzem szk\u00f3\u0142 stanowych w Queensland, kt\u00f3ry jest ustalany przez Departament Edukacji.<\/p>\n<\/div>\n<\/div>\n<\/div>\n\n\n\n<div class=\"wp-block-group alignfull nfd-my-0 nfd-p-lg nfd-container has-black-color has-white-background-color has-text-color has-background is-layout-flow wp-container-core-group-is-layout-f6422989 wp-block-group-is-layout-flow\">\n<div class=\"wp-block-group is-layout-flow wp-container-core-group-is-layout-51d533b2 wp-block-group-is-layout-flow\" style=\"padding-top:0;padding-right:0;padding-bottom:0;padding-left:0\">\n<h1 class=\"wp-block-heading has-text-align-center nfd-text-huge nfd-text-current md:nfd-no-br has-vivid-red-color has-text-color\" style=\"font-size:clamp(29.768px, 1.861rem + ((1vw - 3.2px) * 1.737), 52px);\">Op\u0142aty<\/h1>\n\n\n\n<div class=\"wp-block-group nfd-text-base nfd-text-opacity-80 is-layout-constrained wp-container-core-group-is-layout-70f4fdbb wp-block-group-is-layout-constrained\">\n<p class=\"has-text-align-center\">Nasza szko\u0142a jest instytucj\u0105 niedochodow\u0105, a pozyskiwane \u015brodki s\u0105 przeznaczane wy\u0142\u0105cznie na jej\nprowadzenie. Szko\u0142a finansowana jest z op\u0142at wniesionych przez rodzic\u00f3w i opiekun\u00f3w.<\/p>\n\n\n\n<p class=\"has-text-align-center\"><strong>W roku szkolnym, op\u0142aty od ka\u017cdego dziecka wynosz\u0105:<\/strong><\/p>\n<\/div>\n<\/div>\n\n\n\n<div class=\"wp-block-group alignfull nfd-px-md nfd-container is-layout-flow wp-block-group-is-layout-flow\">\n<div class=\"wp-block-columns are-vertically-aligned-bottom nfd-text-base is-layout-flex wp-container-core-columns-is-layout-d8d81b17 wp-block-columns-is-layout-flex\" style=\"padding-top:0;padding-right:0;padding-bottom:0;padding-left:0\">\n<div class=\"wp-block-column is-vertically-aligned-bottom is-layout-flow wp-block-column-is-layout-flow\">\n<div class=\"wp-block-group nfd-bg-gray-100 has-black-color has-text-color has-background is-layout-constrained wp-container-core-group-is-layout-9576c8e1 wp-block-group-is-layout-constrained\" style=\"border-radius:6px;background-color:#c2060612;padding-top:40px;padding-right:40px;padding-bottom:40px;padding-left:40px\">\n<h3 class=\"wp-block-heading has-text-align-center nfd-text-lg nfd-text-current\">Jedno Dziecko<\/h3>\n\n\n\n<div class=\"wp-block-group is-vertical is-content-justification-center is-nowrap is-layout-flex wp-container-core-group-is-layout-54965b42 wp-block-group-is-layout-flex\">\n<h2 class=\"wp-block-heading has-text-align-center nfd-my-0 nfd-text-xl nfd-text-current\">$600<\/h2>\n\n\n\n<p class=\"nfd-text-sm nfd-text-current nfd-text-opacity-80\">Za Studenta <\/p>\n<\/div>\n<\/div>\n<\/div>\n\n\n\n<div class=\"wp-block-column is-vertically-aligned-bottom is-layout-flow wp-block-column-is-layout-flow\">\n<div class=\"wp-block-group nfd-bg-accent has-white-color has-palette-color-2-background-color has-text-color has-background is-layout-constrained wp-container-core-group-is-layout-9576c8e1 wp-block-group-is-layout-constrained\" style=\"border-radius:6px;padding-top:40px;padding-right:40px;padding-bottom:40px;padding-left:40px\">\n<div class=\"wp-block-group is-layout-constrained wp-container-core-group-is-layout-4474b0c1 wp-block-group-is-layout-constrained\">\n<h3 class=\"wp-block-heading has-text-align-center nfd-text-lg nfd-text-current has-palette-color-8-color has-text-color has-link-color wp-elements-ef53254e450ef53c58fa8b64aea32456\">Dwoje Dzieci<\/h3>\n<\/div>\n\n\n\n<div class=\"wp-block-group is-vertical is-content-justification-center is-nowrap is-layout-flex wp-container-core-group-is-layout-54965b42 wp-block-group-is-layout-flex\">\n<h2 class=\"wp-block-heading has-text-align-center nfd-my-0 nfd-text-xl nfd-text-current has-palette-color-8-color has-text-color has-link-color wp-elements-44342fa5e0003e0ecd662b66e55f6563\">$550<\/h2>\n\n\n\n<p class=\"nfd-text-sm nfd-text-current nfd-text-opacity-80\">Za Studenta<\/p>\n<\/div>\n<\/div>\n<\/div>\n\n\n\n<div class=\"wp-block-column is-vertically-aligned-bottom is-layout-flow wp-block-column-is-layout-flow\">\n<div class=\"wp-block-group nfd-bg-gray-100 has-black-color has-text-color has-background is-layout-constrained wp-container-core-group-is-layout-9576c8e1 wp-block-group-is-layout-constrained\" style=\"border-radius:6px;background-color:#c2060612;padding-top:40px;padding-right:40px;padding-bottom:40px;padding-left:40px\">\n<h3 class=\"wp-block-heading has-text-align-center nfd-text-lg nfd-text-current\">Troje i Kolejne Dzieci<\/h3>\n\n\n\n<div class=\"wp-block-group is-vertical is-content-justification-center is-nowrap is-layout-flex wp-container-core-group-is-layout-54965b42 wp-block-group-is-layout-flex\">\n<h2 class=\"wp-block-heading has-text-align-center nfd-my-0 nfd-text-xl nfd-text-current\">$500<\/h2>\n\n\n\n<p class=\"nfd-text-sm nfd-text-current nfd-text-opacity-80\">Za Studenta<\/p>\n<\/div>\n<\/div>\n<\/div>\n<\/div>\n<\/div>\n\n\n\n<p class=\"has-text-align-center\">Szko\u0142a oferuje rodzinom opcje wp\u0142acania czesnego z g\u00f3ry lub w ratach przez 10 miesi\u0119cy w roku.<br>Wpisowe wynosi $100 i jest p\u0142atne jednorazowo przy zapisie dziecka.&nbsp;<\/p>\n<\/div>\n\n\n\n<div class=\"wp-block-group alignfull nfd-my-0 nfd-px-md nfd-p-lg nfd-container nfd-bg-gray-100 has-black-color has-text-color has-background is-layout-flow wp-container-core-group-is-layout-330ce275 wp-block-group-is-layout-flow\" style=\"background-color:#c2060612\">\n<div class=\"wp-block-group nfd-my-0 nfd-container is-layout-flow wp-container-core-group-is-layout-05898ac8 wp-block-group-is-layout-flow\">\n<div class=\"wp-block-group is-layout-constrained wp-container-core-group-is-layout-d0596775 wp-block-group-is-layout-constrained\" style=\"padding-top:0;padding-right:0;padding-bottom:0;padding-left:0\">\n<h2 class=\"wp-block-heading has-text-align-center nfd-text-huge nfd-text-current md:nfd-no-br\" style=\"font-size:clamp(17.905px, 1.119rem + ((1vw - 3.2px) * 0.789), 28px);\"><strong><strong>Aby si\u0119 zapisa\u0107, wy\u015blij e-mail pod adres<\/strong><\/strong>:<\/h2>\n\n\n\n<p class=\"has-text-align-center has-palette-color-4-color has-text-color\"><br><strong> <a href=\"mailto:admin@brisbanepolishschool.org.au\">admin@brisbanepolishschool.org.au<\/a><\/strong><\/p>\n<\/div>\n<\/div>\n<\/div>\n\n\n\n<div class=\"wp-block-group alignfull nfd-my-0 nfd-px-md nfd-py-stack nfd-container nfd-text-base is-layout-flow wp-container-core-group-is-layout-65dc2e40 wp-block-group-is-layout-flow\">\n<div class=\"wp-block-columns is-layout-flex wp-container-core-columns-is-layout-7a468a27 wp-block-columns-is-layout-flex\" style=\"padding-top:0;padding-right:0;padding-bottom:0;padding-left:0\">\n<div class=\"wp-block-column is-layout-flow wp-block-column-is-layout-flow\" style=\"flex-basis:100%\">\n<h1 class=\"wp-block-heading has-text-align-center nfd-text-huge has-palette-color-2-color has-text-color\" style=\"font-size:clamp(29.768px, 1.861rem + ((1vw - 3.2px) * 1.737), 52px);\"><br>Cz\u0119sto Zadawane Pytania<\/h1>\n<\/div>\n<\/div>\n<\/div>\n\n\n\n<div class=\"wp-block-group alignfull nfd-my-0 nfd-bg-gray-100 nfd-p-lg nfd-container nfd-text-base has-black-color has-palette-color-7-background-color has-text-color has-background is-layout-flow wp-container-core-group-is-layout-1662719f wp-block-group-is-layout-flow\">\n<div class=\"wp-block-group is-layout-flow wp-container-core-group-is-layout-fc2a5df9 wp-block-group-is-layout-flow\" style=\"padding-top:0;padding-right:0;padding-bottom:0;padding-left:0\">\n<div class=\"wp-block-columns is-layout-flex wp-container-core-columns-is-layout-6127943d wp-block-columns-is-layout-flex\">\n<div class=\"wp-block-column is-layout-flow wp-block-column-is-layout-flow\">\n<div class=\"wp-block-group is-layout-constrained wp-container-core-group-is-layout-105570a8 wp-block-group-is-layout-constrained\">\n<p><strong>Odwied\u017a Nasz\u0105 Sobotni\u0105 Szko\u0142\u0119:<\/strong><\/p>\n\n\n\n<div class=\"wp-block-group nfd-text-opacity-80 is-layout-constrained wp-block-group-is-layout-constrained\">\n<p>Zapraszamy Ciebie i Twoje dzieci na sobotnie ranne zaj\u0119cia (podczas roku szkolnego). Udzia\u0142 wy\u0142\u0105cznie na podstawie rejestracji; prosimy o rezerwacj\u0119, wysy\u0142aj\u0105c e-mail na adres admin@brisbanepolishschool.org.au<\/p>\n<\/div>\n<\/div>\n<\/div>\n\n\n\n<div class=\"wp-block-column is-layout-flow wp-block-column-is-layout-flow\">\n<div class=\"wp-block-group is-layout-constrained wp-container-core-group-is-layout-105570a8 wp-block-group-is-layout-constrained\">\n<p><strong>Zapisy:<\/strong><\/p>\n\n\n\n<div class=\"wp-block-group nfd-text-opacity-80 is-layout-constrained wp-block-group-is-layout-constrained\">\n<p>Aby si\u0119 zapisa\u0107, wy\u015blij e-mail na adres admin@brisbanepolishschool.org.au lub porozmawiaj z dyrektorem szko\u0142y podczas wizyty.<\/p>\n<\/div>\n<\/div>\n<\/div>\n<\/div>\n\n\n\n<div class=\"wp-block-columns is-layout-flex wp-container-core-columns-is-layout-6127943d wp-block-columns-is-layout-flex\">\n<div class=\"wp-block-column is-layout-flow wp-block-column-is-layout-flow\">\n<div class=\"wp-block-group is-layout-constrained wp-container-core-group-is-layout-105570a8 wp-block-group-is-layout-constrained\">\n<p><strong>Harmonogram P\u0142atno\u015bci:<\/strong><\/p>\n\n\n\n<div class=\"wp-block-group nfd-text-opacity-80 is-layout-constrained wp-block-group-is-layout-constrained\">\n<p>Szko\u0142a oferuje dwie opcje p\u0142atno\u015bci: p\u0142atno\u015b\u0107 w ca\u0142o\u015bci lub cztery p\u0142atno\u015bci, ka\u017cda przed rozpocz\u0119ciem kwarta\u0142u szkolnego.<\/p>\n<\/div>\n<\/div>\n<\/div>\n\n\n\n<div class=\"wp-block-column is-layout-flow wp-block-column-is-layout-flow\">\n<div class=\"wp-block-group is-layout-constrained wp-container-core-group-is-layout-105570a8 wp-block-group-is-layout-constrained\">\n<p><strong>Rezygnacja ze Szkolnych Zaj\u0119\u0107:<\/strong><\/p>\n\n\n\n<div class=\"wp-block-group nfd-text-opacity-80 is-layout-constrained wp-block-group-is-layout-constrained\">\n<p>Je\u015bli chcesz zrezygnowa\u0107 ze szkolnych zaj\u0119\u0107 dla swojego dziecka\/dzieci wymagany jest trzymiesi\u0119czny okres wypowiedzenia; prosimy o pisemne powiadomienie dyrektora szko\u0142y. Je\u015bli powiadomienie nie zostanie przekazane, zostaniesz obci\u0105\u017cony op\u0142atami za kolejny kwarta\u0142 szkolny. Taka procedura jest konieczna, aby umo\u017cliwi\u0107 Szkole odpowiednie powiadomienie dzieci znajduj\u0105cych si\u0119 na li\u015bcie oczekuj\u0105cych.<\/p>\n<\/div>\n<\/div>\n<\/div>\n<\/div>\n<\/div>\n<\/div>","protected":false},"excerpt":{"rendered":"<p>School for Children Activities for children 3 years and over are organised on Saturday mornings from the grounds of Our Lady of Victories Church. All our teachers are native speakers, [&hellip;]<\/p>\n","protected":false},"author":1,"featured_media":0,"parent":0,"menu_order":0,"comment_status":"closed","ping_status":"closed","template":"","meta":{"footnotes":""},"class_list":["post-15","page","type-page","status-publish","hentry"],"blocksy_meta":[],"_links":{"self":[{"href":"https:\/\/brisbanepolishschool.org.au\/pl_pl\/wp-json\/wp\/v2\/pages\/15","targetHints":{"allow":["GET"]}}],"collection":[{"href":"https:\/\/brisbanepolishschool.org.au\/pl_pl\/wp-json\/wp\/v2\/pages"}],"about":[{"href":"https:\/\/brisbanepolishschool.org.au\/pl_pl\/wp-json\/wp\/v2\/types\/page"}],"author":[{"embeddable":true,"href":"https:\/\/brisbanepolishschool.org.au\/pl_pl\/wp-json\/wp\/v2\/users\/1"}],"replies":[{"embeddable":true,"href":"https:\/\/brisbanepolishschool.org.au\/pl_pl\/wp-json\/wp\/v2\/comments?post=15"}],"version-history":[{"count":8,"href":"https:\/\/brisbanepolishschool.org.au\/pl_pl\/wp-json\/wp\/v2\/pages\/15\/revisions"}],"predecessor-version":[{"id":447,"href":"https:\/\/brisbanepolishschool.org.au\/pl_pl\/wp-json\/wp\/v2\/pages\/15\/revisions\/447"}],"wp:attachment":[{"href":"https:\/\/brisbanepolishschool.org.au\/pl_pl\/wp-json\/wp\/v2\/media?parent=15"}],"curies":[{"name":"wp","href":"https:\/\/api.w.org\/{rel}","templated":true}]}}